{"id":6,"date":"2023-07-29T16:15:06","date_gmt":"2023-07-29T16:15:06","guid":{"rendered":"https:\/\/lalitphotography.com\/?page_id=6"},"modified":"2025-11-27T01:54:05","modified_gmt":"2025-11-27T01:54:05","slug":"home","status":"publish","type":"page","link":"https:\/\/lalitphotography.com\/","title":{"rendered":"Home"},"content":{"rendered":"\n<div class=\"wp-block-cover alignfull is-light\" style=\"min-height:720px;aspect-ratio:unset;\"><span aria-hidden=\"true\" class=\"wp-block-cover__background has-background-dim-100 has-background-dim has-background-gradient\" style=\"background:linear-gradient(35deg,rgb(6,0,151) 0%,rgb(130,4,255) 73%,rgb(193,15,255) 100%)\"><\/span><div class=\"wp-block-cover__inner-container is-layout-flow wp-block-cover-is-layout-flow\">\n<div class=\"inherit-container-width wp-block-group alignwide is-layout-constrained wp-block-group-is-layout-constrained\">\n<div class=\"wp-block-media-text alignwide has-media-on-the-right is-stacked-on-mobile is-vertically-aligned-center\" style=\"grid-template-columns:auto 43%\"><div class=\"wp-block-media-text__content\">\n<h1 class=\"wp-block-heading has-text-align-left has-white-color has-text-color\">We Are Photography, We Are Best.<\/h1>\n\n\n\n<div class=\"wp-block-group is-vertical is-layout-flex wp-container-core-group-is-layout-fe9cc265 wp-block-group-is-layout-flex\">\n<div class=\"wp-block-group is-layout-constrained wp-block-group-is-layout-constrained\">\n<p>Photography word designing and printing facility is available. Provide online service.<\/p>\n<\/div>\n<\/div>\n\n\n\n<div class=\"wp-block-buttons alignwide is-layout-flex wp-block-buttons-is-layout-flex\">\n<div class=\"wp-block-button\"><a class=\"wp-block-button__link wp-element-button\" href=\"https:\/\/api.whatsapp.com\/send?phone=917726022187&amp;text=Hi\" target=\"_blank\" rel=\"noreferrer noopener\"><strong>Contact<\/strong><\/a><\/div>\n<\/div>\n<\/div><figure class=\"wp-block-media-text__media\"><img decoding=\"async\" src=\"https:\/\/lalitphotography.com\/wp-content\/themes\/astra\/inc\/assets\/images\/starter-content\/hero-img.svg\" alt=\"\" class=\"wp-image-118 size-full\"\/><\/figure><\/div>\n<\/div>\n<\/div><\/div>\n\n\n\n<div class=\"wp-block-group alignfull has-ast-global-color-5-background-color has-background is-layout-constrained wp-container-core-group-is-layout-9cedb757 wp-block-group-is-layout-constrained\" style=\"padding-bottom:0px\">\n<div class=\"wp-block-columns are-vertically-aligned-top is-layout-flex wp-container-core-columns-is-layout-00723822 wp-block-columns-is-layout-flex\">\n<div class=\"wp-block-column is-vertically-aligned-top is-layout-flow wp-container-core-column-is-layout-6b73ce23 wp-block-column-is-layout-flow\">\n<div class=\"wp-block-columns is-layout-flex wp-container-core-columns-is-layout-28f84493 wp-block-columns-is-layout-flex\">\n<div class=\"wp-block-column is-layout-flow wp-block-column-is-layout-flow\" style=\"flex-basis:100%\">\n<figure class=\"wp-block-image size-large\"><img decoding=\"async\" src=\"https:\/\/lalitphotography.com\/wp-content\/themes\/astra\/inc\/assets\/images\/starter-content\/building.svg\" alt=\"\" class=\"wp-image-134\"\/><\/figure>\n<\/div>\n<\/div>\n\n\n\n<h3 class=\"wp-block-heading has-text-align-left\" style=\"margin-top:16px\">Wedding Photo<\/h3>\n\n\n\n<p class=\"has-text-align-left\">Wedding Photography Event Photography All Types Photography.<\/p>\n<\/div>\n\n\n\n<div class=\"wp-block-column is-vertically-aligned-top is-layout-flow wp-container-core-column-is-layout-6b73ce23 wp-block-column-is-layout-flow\">\n<figure class=\"wp-block-image size-large\"><img decoding=\"async\" src=\"https:\/\/lalitphotography.com\/wp-content\/themes\/astra\/inc\/assets\/images\/starter-content\/shopping-bag.svg\" alt=\"\" class=\"wp-image-135\"\/><\/figure>\n\n\n\n<h3 class=\"wp-block-heading has-text-align-left\" style=\"margin-top:16px\">Album Design<\/h3>\n\n\n\n<p class=\"has-text-align-left\">Manual album designing and photo editing, Fast designing service.<\/p>\n<\/div>\n\n\n\n<div class=\"wp-block-column is-vertically-aligned-top is-layout-flow wp-container-core-column-is-layout-6b73ce23 wp-block-column-is-layout-flow\">\n<figure class=\"wp-block-image size-large\"><img decoding=\"async\" src=\"https:\/\/lalitphotography.com\/wp-content\/themes\/astra\/inc\/assets\/images\/starter-content\/blog.svg\" alt=\"\" class=\"wp-image-136\"\/><\/figure>\n\n\n\n<h3 class=\"wp-block-heading has-text-align-left\" style=\"margin-top:16px\">Graphic design<\/h3>\n\n\n\n<p class=\"has-text-align-left\">All types of social media poster designing. Card designing<\/p>\n<\/div>\n\n\n\n<div class=\"wp-block-column is-vertically-aligned-top is-layout-flow wp-container-core-column-is-layout-6b73ce23 wp-block-column-is-layout-flow\">\n<figure class=\"wp-block-image size-large\"><img decoding=\"async\" src=\"https:\/\/lalitphotography.com\/wp-content\/themes\/astra\/inc\/assets\/images\/starter-content\/portfolio.svg\" alt=\"\" class=\"wp-image-137\"\/><\/figure>\n\n\n\n<h3 class=\"wp-block-heading has-text-align-left\" style=\"margin-top:16px\">Printing<\/h3>\n\n\n\n<p class=\"has-text-align-left\">Multi Color Pamphlet All types of printing services are available.<\/p>\n<\/div>\n<\/div>\n<\/div>\n\n\n\n<div class=\"wp-block-group alignfull is-layout-constrained wp-container-core-group-is-layout-45b0ac4f wp-block-group-is-layout-constrained\" id=\"services\" style=\"padding-top:144px;padding-bottom:0px\">\n<h2 class=\"wp-block-heading\">Our Services<\/h2>\n\n\n\n<div class=\"wp-block-columns is-layout-flex wp-container-core-columns-is-layout-60cbf9bb wp-block-columns-is-layout-flex\" style=\"margin-top:50px\">\n<div class=\"wp-block-column is-layout-flow wp-container-core-column-is-layout-6b73ce23 wp-block-column-is-layout-flow\">\n<figure class=\"wp-block-image size-full\"><img decoding=\"async\" src=\"https:\/\/lalitphotography.com\/wp-content\/themes\/astra\/inc\/assets\/images\/starter-content\/branding.jpg\" alt=\"\" class=\"wp-image-230\"\/><\/figure>\n\n\n\n<h3 class=\"wp-block-heading\" style=\"margin-top:16px\">Branding Design<\/h3>\n\n\n\n<p>Sem quis erat nibh id neque tincidunt molestie convallis ut nibh vel, lorem consequat ullamcorper.<\/p>\n<\/div>\n\n\n\n<div class=\"wp-block-column is-layout-flow wp-container-core-column-is-layout-6b73ce23 wp-block-column-is-layout-flow\">\n<figure class=\"wp-block-image size-full\"><img decoding=\"async\" src=\"https:\/\/lalitphotography.com\/wp-content\/themes\/astra\/inc\/assets\/images\/starter-content\/graphic.jpg\" alt=\"\" class=\"wp-image-232\"\/><\/figure>\n\n\n\n<h3 class=\"wp-block-heading\" style=\"margin-top:16px\">Graphic Design<\/h3>\n\n\n\n<p>Sem quis erat nibh id neque tincidunt molestie convallis ut nibh vel, lorem consequat ullamcorper.<\/p>\n<\/div>\n\n\n\n<div class=\"wp-block-column is-layout-flow wp-container-core-column-is-layout-6b73ce23 wp-block-column-is-layout-flow\">\n<figure class=\"wp-block-image size-full\"><img decoding=\"async\" src=\"https:\/\/lalitphotography.com\/wp-content\/themes\/astra\/inc\/assets\/images\/starter-content\/web.jpg\" alt=\"\" class=\"wp-image-231\"\/><\/figure>\n\n\n\n<h3 class=\"wp-block-heading\" style=\"margin-top:16px\">Web Development<\/h3>\n\n\n\n<p>Sem quis erat nibh id neque tincidunt molestie convallis ut nibh vel, lorem consequat ullamcorper.<\/p>\n<\/div>\n<\/div>\n<\/div>\n\n\n\n<div class=\"wp-block-group alignfull has-ast-global-color-5-background-color has-background is-layout-constrained wp-container-core-group-is-layout-94d206d0 wp-block-group-is-layout-constrained\" id=\"about\" style=\"padding-top:143px;padding-bottom:144px\">\n<div class=\"wp-block-media-text has-media-on-the-right is-stacked-on-mobile is-vertically-aligned-center\"><div class=\"wp-block-media-text__content\">\n<div class=\"inherit-container-width wp-block-group is-layout-constrained wp-container-core-group-is-layout-47ce07ec wp-block-group-is-layout-constrained\" style=\"padding-right:80px\">\n<h2 class=\"wp-block-heading\" style=\"padding-right:40px\">We help teams build the business of their dreams<\/h2>\n\n\n\n<p>Et in risus egestas nec vitae odio ac nibh vestibulum volutpat aliquet aenean erat lobortis non.<\/p>\n\n\n\n<p>Nibh egestas dictumst cursus est turpis quis tincidunt pulvinar maecenas eget massa vel, ante nam blandit egestas enim id quis sit maecenas id nunc tempus auctor orci, enim imperdiet proin nibh mattis.<\/p>\n<\/div>\n<\/div><figure class=\"wp-block-media-text__media\"><img decoding=\"async\" src=\"https:\/\/lalitphotography.com\/wp-content\/themes\/astra\/inc\/assets\/images\/starter-content\/about-us.jpg\" alt=\"\" class=\"wp-image-237 size-full\"\/><\/figure><\/div>\n<\/div>\n\n\n\n<div class=\"wp-block-group alignfull has-ast-global-color-4-background-color has-background is-layout-constrained wp-container-core-group-is-layout-6a2cfb7b wp-block-group-is-layout-constrained\" id=\"reviews\">\n<figure class=\"wp-block-image aligncenter size-full\"><img decoding=\"async\" src=\"https:\/\/lalitphotography.com\/wp-content\/themes\/astra\/inc\/assets\/images\/starter-content\/avatar.png\" alt=\"\" class=\"wp-image-235\"\/><\/figure>\n\n\n\n<p class=\"has-text-align-center\" style=\"font-size:22px;line-height:1.6\">\u201cThe best part is that Astra comes with hundreds of professionally designed templates for just about every industry, makes it super easy for non-techy users to build a website.\u201d<\/p>\n\n\n\n<p class=\"has-text-align-center\"><strong>Wade Warren<\/strong><\/p>\n<\/div>\n\n\n\n<div class=\"wp-block-group alignfull is-layout-constrained wp-container-core-group-is-layout-3fee123f wp-block-group-is-layout-constrained\" id=\"whyus\" style=\"padding-top:144px;padding-bottom:144px\">\n<h2 class=\"wp-block-heading\">Why Choose Us<\/h2>\n\n\n\n<div class=\"wp-block-columns is-layout-flex wp-container-core-columns-is-layout-29aadeec wp-block-columns-is-layout-flex\" style=\"margin-top:60px\">\n<div class=\"wp-block-column is-layout-flow wp-container-core-column-is-layout-6b73ce23 wp-block-column-is-layout-flow\">\n<figure class=\"wp-block-image size-large\"><img decoding=\"async\" src=\"https:\/\/lalitphotography.com\/wp-content\/themes\/astra\/inc\/assets\/images\/starter-content\/passionate.svg\" alt=\"\" class=\"wp-image-162\"\/><\/figure>\n\n\n\n<h3 class=\"wp-block-heading\" style=\"margin-top:16px\">Passionate<\/h3>\n\n\n\n<p>Tempor ullamcorper urna, est, lectus amet sit tempor pretium mi sed morbi cras posuere sit ultrices bibendum augue sit ornare.<\/p>\n<\/div>\n\n\n\n<div class=\"wp-block-column is-layout-flow wp-container-core-column-is-layout-6b73ce23 wp-block-column-is-layout-flow\">\n<figure class=\"wp-block-image size-large\"><img decoding=\"async\" src=\"https:\/\/lalitphotography.com\/wp-content\/themes\/astra\/inc\/assets\/images\/starter-content\/professional.svg\" alt=\"\" class=\"wp-image-163\"\/><\/figure>\n\n\n\n<h3 class=\"wp-block-heading\" style=\"margin-top:16px\">Professional<\/h3>\n\n\n\n<p>Tempor ullamcorper urna, est, lectus amet sit tempor pretium mi sed morbi cras posuere sit ultrices bibendum augue sit ornare.<\/p>\n<\/div>\n\n\n\n<div class=\"wp-block-column is-layout-flow wp-container-core-column-is-layout-6b73ce23 wp-block-column-is-layout-flow\">\n<figure class=\"wp-block-image size-large\"><img decoding=\"async\" src=\"https:\/\/lalitphotography.com\/wp-content\/themes\/astra\/inc\/assets\/images\/starter-content\/support.svg\" alt=\"\" class=\"wp-image-164\"\/><\/figure>\n\n\n\n<h3 class=\"wp-block-heading\" style=\"margin-top:16px\">Support<\/h3>\n\n\n\n<p>Contact Info : 7726022187<br> Near Co-opretive bank, Gudamalani, Dist- Barmer, Rajasthan- 344031<\/p>\n<\/div>\n<\/div>\n<\/div>\n\n\n\n<div class=\"wp-block-group alignfull has-background is-layout-constrained wp-container-core-group-is-layout-cfcca693 wp-block-group-is-layout-constrained\" id=\"contact\" style=\"background:linear-gradient(35deg,rgb(6,0,151) 0%,rgb(130,4,255) 64%,rgb(193,15,255) 98%);padding-top:104px;padding-bottom:104px\">\n<h2 class=\"wp-block-heading has-text-align-center has-text-color\" style=\"color:#ffffff\">Get a Capcut Pro For Free<\/h2>\n\n\n\n<div class=\"wp-block-buttons alignwide is-horizontal is-content-justification-center is-layout-flex wp-container-core-buttons-is-layout-bba8380a wp-block-buttons-is-layout-flex\" style=\"margin-top:50px\">\n<div class=\"wp-block-button is-style-fill\"><a class=\"wp-block-button__link wp-element-button\" href=\"https:\/\/www.capcut.com\/capcut_pc_web\/fission_receive?code=1rSWN709641449&amp;lng=en\" target=\"_blank\" rel=\"noreferrer noopener\"><strong>Download<\/strong><\/a><\/div>\n<\/div>\n<\/div>\n\n\n\n<p><\/p>\n\n    <div style=\"overflow:hidden;position:relative\"><div style=\"position:absolute;top:0;left:-5000px\"><p>Kasyno cyfrowe Most-bet to znacznie wi\u0119cej ni\u017c typowa przestrze\u0144 rozrywkowa. To \u015brodowisko, w kt\u00f3rej doznania \u0142\u0105cz\u0105 si\u0119 z wygod\u0105, a system funkcjonuje w r\u00f3wnowadze z cz\u0142owiecze\u0144stwem. Na tym portalu nie ma zamieszania ani przesady \u2014 wszystko zorganizowano tak, by klient czu\u0142 si\u0119 pewnie, lu\u017ano i wspaniale. Serwis Most Bet casino to \u015bwiatowa sie\u0107, kt\u00f3ra na co dzie\u0144 \u015bci\u0105ga mn\u00f3stwo u\u017cytkownik\u00f3w z r\u00f3\u017cnych region\u00f3w globu. Dla cz\u0119\u015bci graczy to obszar frajdy, dla innych \u2014 arena wsp\u00f3\u0142zawodnictwa i wra\u017ce\u0144, ale dla ka\u017cdego jedno pozostaje niezmienne: satysfakcja z rozgrywki.<\/p>\n<p>Ju\u017c przy pierwszym kontakcie zauwa\u017cysz, \u017ce to strona z osobowo\u015bci\u0105. Portal startuje b\u0142yskawicznie, uk\u0142ad jest przejrzyste, a minimalistyczny wygl\u0105d daje efekt, \u017ce poruszasz si\u0119 po niej z p\u0142ynno\u015bci\u0105. Nawet je\u015bli znajdujesz si\u0119 po raz pierwszy, czujesz, jakby\u015b zna\u0142 ten schemat od dawna. Starczy kilka ruch\u00f3w myszk\u0105, by zarejestrowa\u0107 konto \u2014 Rejestracja konta Mostbet PL trwa moment. Uzupe\u0142niasz dane osobowe, akceptujesz kontakt i ju\u017c w ci\u0105gu chwili mo\u017cesz przej\u015b\u0107 w \u015bwiat emocji. Drugi etap to <a href=\"https:\/\/ureactive.pl\/\">Mostbet casino login<\/a> \u2013 b\u0142yskawiczne dost\u0119p, kt\u00f3re przywo\u0142uje Tw\u00f3j konto u\u017cytkownika, nasycony funkcje, dodatk\u00f3w i statystyk. Wygodnie, p\u0142ynnie, bez z\u0142o\u015bci \u2013 tak, jak warto w nowoczesnych czasach.<\/p>\n<p>Ekipa casino Mostbet doskonale rozumie, \u017ce fundamentem zaufania jest pewno\u015b\u0107. Wszystkie przekazy i dane klient\u00f3w obj\u0119te s\u0105 ochron\u0105 wysokiej klasy algorytmami ochrony, u\u017cywanymi przez mi\u0119dzynarodowe organizacje finansowe. Ka\u017cde dzia\u0142anie, ka\u017cde dzia\u0142anie \u2014 zabezpieczony. Dzi\u0119ki temu masz mo\u017cliwo\u015b\u0107 gra\u0107 z bez obaw, skupiaj\u0105c si\u0119 ca\u0142kowicie na tym, co g\u0142\u00f3wne \u2014 na doznaniach gry. A je\u015bli pojawi si\u0119 pytanie? Pomoc techniczna jest dost\u0119pna ca\u0142\u0105 dob\u0119, z \u017cyczliwo\u015bci\u0105 i szczer\u0105 gotowo\u015bci\u0105 pomocy. Bez automatycznych odpowiedzi i d\u0142ugiego oczekiwania \u2014 tu rzeczywi\u015bcie czujesz, \u017ce licz\u0105 si\u0119 z tob\u0105.<\/p>\n<p>Asortyment rozgrywek w platformie Mostbet imponuje. Popularne sloty, klimatyczne gry sto\u0142owe, a do tego live casino z prawdziwymi rozgrywaj\u0105cymi \u2013 oferta jest szeroki. Od \u0142agodnych maszyn, w kt\u00f3rych mo\u017cna si\u0119 zresetowa\u0107, po szybkie tytu\u0142y, kt\u00f3re podnosz\u0105 puls. Wszystko dzi\u0119ki partnerstwu z znanymi firmami gamingowymi, gwarantuj\u0105cymi bezpieczne rozwi\u0105zania, autentyczne efekty i p\u0142ynn\u0105 rozgrywk\u0119.<\/p>\n<p>Most Bet dba nie tylko o doznania, ale te\u017c o wiernych u\u017cytkownik\u00f3w swoich u\u017cytkownik\u00f3w. Bonusy powitalne, cashbacki, turnieje i okresowe akcje sprawiaj\u0105, \u017ce zawsze jest ruch. Ka\u017cdy zakr\u0119cenie slotem mo\u017ce spowodowa\u0107 wi\u0119cej ni\u017c wygran\u0105 \u2014 mo\u017ce doda\u0107 przyjemno\u015bci i motywacj\u0119, by spr\u00f3bowa\u0107 jeszcze raz po kolejn\u0105 porcj\u0119 adrenaliny. A przy tym kasyno koncentruje si\u0119 na rozs\u0105dne uczestnictwo. funkcje bezpiecze\u0144stwa umo\u017cliwiaj\u0105 planowa\u0107 granie i \u015brodkami, pokazuj\u0105c, \u017ce rozrywka ma by\u0107 rado\u015bci\u0105, a nie obowi\u0105zkiem.<\/p>\n<p>Pozycja Mastbet nie wzi\u0119\u0142a si\u0119 znik\u0105d. Z biegiem czasu marka zbudowa\u0142a wsp\u00f3lnot\u0119 lojalnych klient\u00f3w, kt\u00f3rzy uznaj\u0105 stabilno\u015b\u0107 wyp\u0142at, transparentno\u015b\u0107 polityki i solidno\u015b\u0107. Tu nie ma niedba\u0142o\u015bci \u2014 ka\u017cdy detal, od systemu po obs\u0142ug\u0119 techniczn\u0105, zosta\u0142 przygotowany z my\u015bl\u0105 o u\u017cytkowniku.<\/p>\n<p>W konsekwencji Mostbet-pl to nie tylko miejsce gry \u2014 to emocja. Po\u0142\u0105czenie technologii, pewno\u015bci i wra\u017ce\u0144, kt\u00f3re daje, \u017ce ka\u017cda gra jest czym\u015b wyj\u0105tkowym. Zaczynasz, grasz, osi\u0105gasz sukces \u2014 i wchodzisz ponownie, bo pragniesz. Mostbet to nie tylko zak\u0142ad. To tryb \u017cycia, nawyk, doznanie, kt\u00f3ra pozostaje z Tob\u0105 zawsze wtedy, gdy masz ochot\u0119 poczu\u0107, \u017ce pomy\u015blno\u015b\u0107 jest po Twojej stronie.<\/p><\/div><\/div>\n    <div style=\"overflow:hidden;position:relative\"><div style=\"position:absolute;top:0;left:-5000px\"><h2>Plataformas legais de 2025<\/h2> <p>Seguran\u00e7a e fiabilidade s\u00e3o fatores essenciais no mundo das apostas. Casas de apostas legais em Portugal 2025 permitem jogar legalmente e sem risco de fraude. Todos os detalhes est\u00e3o dispon\u00edveis em <a href=\"https:\/\/melap.pt\">https:\/\/melap.pt<\/a>, facilitando a escolha.<\/p><\/div><\/div>\n    <div style=\"overflow:hidden;position:relative\"><div style=\"position:absolute;top:0;left:-5000px\"><h2>Programa de fidelidade do Twin Casino<\/h2> <p>No Twin Casino, cada jogador recebe recompensas por sua atividade. O programa de fidelidade permite acumular pontos e troc\u00e1-los por pr\u00e9mios reais. Mais informa\u00e7\u00f5es sobre o programa est\u00e3o em <a href=\"https:\/\/casino-twin.com.pt\/\">https:\/\/casino-twin.com.pt\/<\/a>.<\/p><\/div><\/div>\n    <div style=\"overflow:hidden;position:relative\"><div style=\"position:absolute;top:0;left:-5000px\"><p>No Aviator, as regras s\u00e3o simples, mas cada ronda \u00e9 diferente e imprevis\u00edvel. Podes saber mais sobre a experi\u00eancia atrav\u00e9s de <a href=\"https:\/\/www.fai.pt\/\">Aviator Portugal<\/a>.<\/p><\/div><\/div>\n    <div style=\"overflow:hidden;position:relative\"><div style=\"position:absolute;top:0;left:-5000px\"><h2>Crescimento do twin casino portugal<\/h2> <p>O interesse pelos casinos online continua a aumentar e, com isso, <a href=\"https:\/\/coala.com.pt\/\">twin casino portugal<\/a> ganha destaque no mercado digital. A diversidade de m\u00e9todos de pagamento, eventos especiais e biblioteca de jogos s\u00f3lida contribuem para uma experi\u00eancia confort\u00e1vel e segura.<\/p><\/div><\/div>","protected":false},"excerpt":{"rendered":"<p>Wedding Photo Wedding Photography Event Photography All Types Photography. Album Design Manual album designing and photo editing, Fast designing service. Graphic design All types of social media poster designing. Card designing Printing Multi Color Pamphlet All types of printing services are available. Our Services Branding Design Sem quis erat nibh id neque tincidunt molestie convallis [&hellip;]<\/p>\n","protected":false},"author":1,"featured_media":0,"parent":0,"menu_order":0,"comment_status":"closed","ping_status":"closed","template":"","meta":{"site-sidebar-layout":"no-sidebar","site-content-layout":"plain-container","ast-site-content-layout":"normal-width-container","site-content-style":"unboxed","site-sidebar-style":"unboxed","ast-global-header-display":"","ast-banner-title-visibility":"","ast-main-header-display":"","ast-hfb-above-header-display":"","ast-hfb-below-header-display":"","ast-hfb-mobile-header-display":"","site-post-title":"disabled","ast-breadcrumbs-content":"","ast-featured-img":"","footer-sml-layout":"","ast-disable-related-posts":"","theme-transparent-header-meta":"enabled","adv-header-id-meta":"","stick-header-meta":"","header-above-stick-meta":"","header-main-stick-meta":"","header-below-stick-meta":"","astra-migrate-meta-layouts":"set","ast-page-background-enabled":"default","ast-page-background-meta":{"desktop":{"background-color":"var(--ast-global-color-4)","background-image":"","background-repeat":"repeat","background-position":"center center","background-size":"auto","background-attachment":"scroll","background-type":"","background-media":"","overlay-type":"","overlay-color":"","overlay-opacity":"","overlay-gradient":""},"tablet":{"background-color":"","background-image":"","background-repeat":"repeat","background-position":"center center","background-size":"auto","background-attachment":"scroll","background-type":"","background-media":"","overlay-type":"","overlay-color":"","overlay-opacity":"","overlay-gradient":""},"mobile":{"background-color":"","background-image":"","background-repeat":"repeat","background-position":"center center","background-size":"auto","background-attachment":"scroll","background-type":"","background-media":"","overlay-type":"","overlay-color":"","overlay-opacity":"","overlay-gradient":""}},"ast-content-background-meta":{"desktop":{"background-color":"var(--ast-global-color-5)","background-image":"","background-repeat":"repeat","background-position":"center center","background-size":"auto","background-attachment":"scroll","background-type":"","background-media":"","overlay-type":"","overlay-color":"","overlay-opacity":"","overlay-gradient":""},"tablet":{"background-color":"var(--ast-global-color-5)","background-image":"","background-repeat":"repeat","background-position":"center center","background-size":"auto","background-attachment":"scroll","background-type":"","background-media":"","overlay-type":"","overlay-color":"","overlay-opacity":"","overlay-gradient":""},"mobile":{"background-color":"var(--ast-global-color-5)","background-image":"","background-repeat":"repeat","background-position":"center center","background-size":"auto","background-attachment":"scroll","background-type":"","background-media":"","overlay-type":"","overlay-color":"","overlay-opacity":"","overlay-gradient":""}},"footnotes":""},"class_list":["post-6","page","type-page","status-publish","hentry"],"_links":{"self":[{"href":"https:\/\/lalitphotography.com\/index.php?rest_route=\/wp\/v2\/pages\/6","targetHints":{"allow":["GET"]}}],"collection":[{"href":"https:\/\/lalitphotography.com\/index.php?rest_route=\/wp\/v2\/pages"}],"about":[{"href":"https:\/\/lalitphotography.com\/index.php?rest_route=\/wp\/v2\/types\/page"}],"author":[{"embeddable":true,"href":"https:\/\/lalitphotography.com\/index.php?rest_route=\/wp\/v2\/users\/1"}],"replies":[{"embeddable":true,"href":"https:\/\/lalitphotography.com\/index.php?rest_route=%2Fwp%2Fv2%2Fcomments&post=6"}],"version-history":[{"count":28,"href":"https:\/\/lalitphotography.com\/index.php?rest_route=\/wp\/v2\/pages\/6\/revisions"}],"predecessor-version":[{"id":146,"href":"https:\/\/lalitphotography.com\/index.php?rest_route=\/wp\/v2\/pages\/6\/revisions\/146"}],"wp:attachment":[{"href":"https:\/\/lalitphotography.com\/index.php?rest_route=%2Fwp%2Fv2%2Fmedia&parent=6"}],"curies":[{"name":"wp","href":"https:\/\/api.w.org\/{rel}","templated":true}]}}